{"id":423,"date":"2018-10-11T19:32:33","date_gmt":"2018-10-11T17:32:33","guid":{"rendered":"http:\/\/hautnah.deutsches-filmmuseum.de\/?page_id=423"},"modified":"2020-05-13T09:49:19","modified_gmt":"2020-05-13T07:49:19","slug":"qr-code-9-aimee-jaguar","status":"publish","type":"page","link":"https:\/\/hautnah.dff.film\/en\/qr-code-9-aimee-jaguar\/","title":{"rendered":"Stage 7: Aim\u00e9e &#038; Jaguar"},"content":{"rendered":"<\/div><\/div><\/div><!-- close content main div --><\/div><\/div><div id='sub_menu1' class='av-submenu-container main_color  container_wrap sidebar_right'   style='z-index:301'><div class='container av-menu-mobile-disabled '><ul id=\"menu-virtueller-ausstellungsrundgang-englisch\" class=\"av-subnav-menu av-submenu-pos-center\"><li id=\"menu-item-2123\" class=\"menu-item menu-item-type-post_type menu-item-object-page av-menu-button av-menu-button-colored menu-item-top-level menu-item-top-level-1\"><a href=\"https:\/\/hautnah.dff.film\/en\/qr-code-1-taktiler-ausstellungsplan\/\" itemprop=\"url\"><span class=\"avia-bullet\"><\/span><span class=\"avia-menu-text\">Welcome<\/span><span class=\"avia-menu-fx\"><span class=\"avia-arrow-wrap\"><span class=\"avia-arrow\"><\/span><\/span><\/span><\/a><\/li>\n<li id=\"menu-item-2124\" class=\"menu-item menu-item-type-post_type menu-item-object-page av-menu-button av-menu-button-colored menu-item-top-level menu-item-top-level-2\"><a href=\"https:\/\/hautnah.dff.film\/en\/qr-code-2-vitrine-foyer\/\" itemprop=\"url\"><span class=\"avia-bullet\"><\/span><span class=\"avia-menu-text\">Foyer Display Case<\/span><span class=\"avia-menu-fx\"><span class=\"avia-arrow-wrap\"><span class=\"avia-arrow\"><\/span><\/span><\/span><\/a><\/li>\n<li id=\"menu-item-2125\" class=\"menu-item menu-item-type-post_type menu-item-object-page av-menu-button av-menu-button-colored menu-item-top-level menu-item-top-level-3\"><a href=\"https:\/\/hautnah.dff.film\/en\/qr-code-3-buddenbrooks\/\" itemprop=\"url\"><span class=\"avia-bullet\"><\/span><span class=\"avia-menu-text\">Stage 1<\/span><span class=\"avia-menu-fx\"><span class=\"avia-arrow-wrap\"><span class=\"avia-arrow\"><\/span><\/span><\/span><\/a><\/li>\n<li id=\"menu-item-2126\" class=\"menu-item menu-item-type-post_type menu-item-object-page av-menu-button av-menu-button-colored menu-item-top-level menu-item-top-level-4\"><a href=\"https:\/\/hautnah.dff.film\/en\/qr-code-4-vaeter-und-soehne\/\" itemprop=\"url\"><span class=\"avia-bullet\"><\/span><span class=\"avia-menu-text\">Stage 2<\/span><span class=\"avia-menu-fx\"><span class=\"avia-arrow-wrap\"><span class=\"avia-arrow\"><\/span><\/span><\/span><\/a><\/li>\n<li id=\"menu-item-2127\" class=\"menu-item menu-item-type-post_type menu-item-object-page av-menu-button av-menu-button-colored menu-item-top-level menu-item-top-level-5\"><a href=\"https:\/\/hautnah.dff.film\/en\/qr-code-5-brennendes-geheimnis-colette\/\" itemprop=\"url\"><span class=\"avia-bullet\"><\/span><span class=\"avia-menu-text\">Stage 3<\/span><span class=\"avia-menu-fx\"><span class=\"avia-arrow-wrap\"><span class=\"avia-arrow\"><\/span><\/span><\/span><\/a><\/li>\n<li id=\"menu-item-2128\" class=\"menu-item menu-item-type-post_type menu-item-object-page av-menu-button av-menu-button-colored menu-item-top-level menu-item-top-level-6\"><a href=\"https:\/\/hautnah.dff.film\/en\/qr-code-6-der-grosse-bagarozy-das-maedchen-rosemarie-romy\/\" itemprop=\"url\"><span class=\"avia-bullet\"><\/span><span class=\"avia-menu-text\">Stage 4<\/span><span class=\"avia-menu-fx\"><span class=\"avia-arrow-wrap\"><span class=\"avia-arrow\"><\/span><\/span><\/span><\/a><\/li>\n<li id=\"menu-item-2129\" class=\"menu-item menu-item-type-post_type menu-item-object-page av-menu-button av-menu-button-colored menu-item-top-level menu-item-top-level-7\"><a href=\"https:\/\/hautnah.dff.film\/en\/qr-code-7-das-geisterhaus\/\" itemprop=\"url\"><span class=\"avia-bullet\"><\/span><span class=\"avia-menu-text\">Stage 5<\/span><span class=\"avia-menu-fx\"><span class=\"avia-arrow-wrap\"><span class=\"avia-arrow\"><\/span><\/span><\/span><\/a><\/li>\n<li id=\"menu-item-2130\" class=\"menu-item menu-item-type-post_type menu-item-object-page av-menu-button av-menu-button-colored menu-item-top-level menu-item-top-level-8\"><a href=\"https:\/\/hautnah.dff.film\/en\/qr-code-8-homo-faber\/\" itemprop=\"url\"><span class=\"avia-bullet\"><\/span><span class=\"avia-menu-text\">Stage 6<\/span><span class=\"avia-menu-fx\"><span class=\"avia-arrow-wrap\"><span class=\"avia-arrow\"><\/span><\/span><\/span><\/a><\/li>\n<li id=\"menu-item-2131\" class=\"menu-item menu-item-type-post_type menu-item-object-page av-menu-button av-menu-button-colored menu-item-top-level menu-item-top-level-9\"><a href=\"https:\/\/hautnah.dff.film\/en\/qr-code-9-aimee-jaguar\/\" itemprop=\"url\"><span class=\"avia-bullet\"><\/span><span class=\"avia-menu-text\">Stage 7<\/span><span class=\"avia-menu-fx\"><span class=\"avia-arrow-wrap\"><span class=\"avia-arrow\"><\/span><\/span><\/span><\/a><\/li>\n<li id=\"menu-item-2132\" class=\"menu-item menu-item-type-post_type menu-item-object-page av-menu-button av-menu-button-colored menu-item-top-level menu-item-top-level-10\"><a href=\"https:\/\/hautnah.dff.film\/en\/qr-code-10-katharina-die-grosse\/\" itemprop=\"url\"><span class=\"avia-bullet\"><\/span><span class=\"avia-menu-text\">Stage 8<\/span><span class=\"avia-menu-fx\"><span class=\"avia-arrow-wrap\"><span class=\"avia-arrow\"><\/span><\/span><\/span><\/a><\/li>\n<li id=\"menu-item-2133\" class=\"menu-item menu-item-type-post_type menu-item-object-page av-menu-button av-menu-button-colored menu-item-top-level menu-item-top-level-11\"><a href=\"https:\/\/hautnah.dff.film\/en\/qr-code-11-effi-briest-berlin-alexanderplatz-veronika-voss\/\" itemprop=\"url\"><span class=\"avia-bullet\"><\/span><span class=\"avia-menu-text\">Stage 9, p1<\/span><span class=\"avia-menu-fx\"><span class=\"avia-arrow-wrap\"><span class=\"avia-arrow\"><\/span><\/span><\/span><\/a><\/li>\n<li id=\"menu-item-2134\" class=\"menu-item menu-item-type-post_type menu-item-object-page av-menu-button av-menu-button-colored menu-item-top-level menu-item-top-level-12\"><a href=\"https:\/\/hautnah.dff.film\/en\/qr-code-12-lola\/\" itemprop=\"url\"><span class=\"avia-bullet\"><\/span><span class=\"avia-menu-text\">Stage 9, p2<\/span><span class=\"avia-menu-fx\"><span class=\"avia-arrow-wrap\"><span class=\"avia-arrow\"><\/span><\/span><\/span><\/a><\/li>\n<li id=\"menu-item-2135\" class=\"menu-item menu-item-type-post_type menu-item-object-page av-menu-button av-menu-button-colored menu-item-top-level menu-item-top-level-13\"><a href=\"https:\/\/hautnah.dff.film\/en\/qr-code-13-die-ehe-der-maria-braun\/\" itemprop=\"url\"><span class=\"avia-bullet\"><\/span><span class=\"avia-menu-text\">Stage 9, p3<\/span><span class=\"avia-menu-fx\"><span class=\"avia-arrow-wrap\"><span class=\"avia-arrow\"><\/span><\/span><\/span><\/a><\/li>\n<li id=\"menu-item-2136\" class=\"menu-item menu-item-type-post_type menu-item-object-page av-menu-button av-menu-button-colored menu-item-top-level menu-item-top-level-14\"><a href=\"https:\/\/hautnah.dff.film\/en\/qr-code-14-lili-marleen-querelle\/\" itemprop=\"url\"><span class=\"avia-bullet\"><\/span><span class=\"avia-menu-text\">Stage 9, p4<\/span><span class=\"avia-menu-fx\"><span class=\"avia-arrow-wrap\"><span class=\"avia-arrow\"><\/span><\/span><\/span><\/a><\/li>\n<li id=\"menu-item-2137\" class=\"menu-item menu-item-type-post_type menu-item-object-page av-menu-button av-menu-button-colored menu-item-top-level menu-item-top-level-15\"><a href=\"https:\/\/hautnah.dff.film\/en\/qr-code-18-vitrine-1\/\" itemprop=\"url\"><span class=\"avia-bullet\"><\/span><span class=\"avia-menu-text\">Display case 1<\/span><span class=\"avia-menu-fx\"><span class=\"avia-arrow-wrap\"><span class=\"avia-arrow\"><\/span><\/span><\/span><\/a><\/li>\n<li id=\"menu-item-2138\" class=\"menu-item menu-item-type-post_type menu-item-object-page av-menu-button av-menu-button-colored menu-item-top-level menu-item-top-level-16\"><a href=\"https:\/\/hautnah.dff.film\/en\/qr-code-19-vitrine-2\/\" itemprop=\"url\"><span class=\"avia-bullet\"><\/span><span class=\"avia-menu-text\">Display Case 2<\/span><span class=\"avia-menu-fx\"><span class=\"avia-arrow-wrap\"><span class=\"avia-arrow\"><\/span><\/span><\/span><\/a><\/li>\n<li id=\"menu-item-2139\" class=\"menu-item menu-item-type-post_type menu-item-object-page av-menu-button av-menu-button-colored menu-item-top-level menu-item-top-level-17\"><a href=\"https:\/\/hautnah.dff.film\/en\/qr-code-20-vitrine-3\/\" itemprop=\"url\"><span class=\"avia-bullet\"><\/span><span class=\"avia-menu-text\">Display Case 3<\/span><span class=\"avia-menu-fx\"><span class=\"avia-arrow-wrap\"><span class=\"avia-arrow\"><\/span><\/span><\/span><\/a><\/li>\n<li id=\"menu-item-2140\" class=\"menu-item menu-item-type-post_type menu-item-object-page av-menu-button av-menu-button-colored menu-item-top-level menu-item-top-level-18\"><a href=\"https:\/\/hautnah.dff.film\/en\/qr-code-21-vitrine-4\/\" itemprop=\"url\"><span class=\"avia-bullet\"><\/span><span class=\"avia-menu-text\">Display Case 4<\/span><span class=\"avia-menu-fx\"><span class=\"avia-arrow-wrap\"><span class=\"avia-arrow\"><\/span><\/span><\/span><\/a><\/li>\n<li id=\"menu-item-2141\" class=\"menu-item menu-item-type-post_type menu-item-object-page av-menu-button av-menu-button-colored menu-item-top-level menu-item-top-level-19\"><a href=\"https:\/\/hautnah.dff.film\/en\/qr-code-15-taststation-berlin-alexanderplatz\/\" itemprop=\"url\"><span class=\"avia-bullet\"><\/span><span class=\"avia-menu-text\">Tactile Station 1<\/span><span class=\"avia-menu-fx\"><span class=\"avia-arrow-wrap\"><span class=\"avia-arrow\"><\/span><\/span><\/span><\/a><\/li>\n<li id=\"menu-item-2142\" class=\"menu-item menu-item-type-post_type menu-item-object-page av-menu-button av-menu-button-colored menu-item-top-level menu-item-top-level-20\"><a href=\"https:\/\/hautnah.dff.film\/en\/qr-code-17-taststation-lili-marleen\/\" itemprop=\"url\"><span class=\"avia-bullet\"><\/span><span class=\"avia-menu-text\">Tactile Station 2<\/span><span class=\"avia-menu-fx\"><span class=\"avia-arrow-wrap\"><span class=\"avia-arrow\"><\/span><\/span><\/span><\/a><\/li>\n<li id=\"menu-item-2143\" class=\"menu-item menu-item-type-post_type menu-item-object-page av-menu-button av-menu-button-colored menu-item-top-level menu-item-top-level-21\"><a href=\"https:\/\/hautnah.dff.film\/en\/qr-code-16-taststation-lola\/\" itemprop=\"url\"><span class=\"avia-bullet\"><\/span><span class=\"avia-menu-text\">Tactile Station 3<\/span><span class=\"avia-menu-fx\"><span class=\"avia-arrow-wrap\"><span class=\"avia-arrow\"><\/span><\/span><\/span><\/a><\/li>\n<\/ul><\/div><\/div>\n<div class=\"flex_column av_one_full  flex_column_div av-zero-column-padding first  \" style='border-radius:0px; '><div id=\"av_player-0\" class=\"av-player av-player-container  first avia-playerstyle-classic avia-playlist-hide-cover\" ><div class=\"av-player-player-container\"><div class=\"wp-playlist wp-audio-playlist wp-playlist-light\">\n\t\t\t<div class=\"wp-playlist-current-item\"><\/div>\n\t\t<audio controls=\"controls\" preload=\"none\" width=\"1478\"\n\t\t\t><\/audio>\n\t<div class=\"wp-playlist-next\"><\/div>\n\t<div class=\"wp-playlist-prev\"><\/div>\n\t<noscript>\n\t<ol>\n\t\t<li><a href='https:\/\/hautnah.dff.film\/medien\/2020\/03\/QR09_EN_stage7_aimee.mp3'>Stage 7: Aim\u00e9e & Jaguar<\/a><\/li>\t<\/ol>\n\t<\/noscript>\n\t<script type=\"application\/json\" class=\"wp-playlist-script\">{\"type\":\"audio\",\"tracklist\":false,\"tracknumbers\":true,\"images\":true,\"artists\":true,\"tracks\":[{\"src\":\"https:\/\/hautnah.dff.film\/medien\/2020\/03\/QR09_EN_stage7_aimee.mp3\",\"type\":\"audio\/mpeg\",\"title\":\"Stage 7: Aim\\u00e9e & Jaguar\",\"caption\":\"Stage 7: Aim\\u00e9e & Jaguar\",\"description\":\"Stage 7: Aim\\u00e9e & Jaguar\",\"meta\":{\"length_formatted\":\"2:17\"},\"image\":{\"src\":\"https:\/\/hautnah.dff.film\/wp-includes\/images\/media\/audio.svg\",\"width\":48,\"height\":64},\"thumb\":{\"src\":\"https:\/\/hautnah.dff.film\/wp-includes\/images\/media\/audio.svg\",\"width\":48,\"height\":64}}]}<\/script>\n<\/div>\n\t<\/div><\/div><\/div>\n<div class=\"flex_column av_one_full  flex_column_div av-zero-column-padding first  \" style='border-radius:0px; '><section class=\"av_textblock_section \"  itemscope=\"itemscope\" itemtype=\"https:\/\/schema.org\/CreativeWork\" ><div class='avia_textblock  '   itemprop=\"text\" ><p>Stage 7: On display are two costumes from the movie <i>Aim\u00e9e &amp; Jaguar<\/i>, (Germany 1997-99), directed by Max F\u00e4rberb\u00f6ck.<\/p>\n<\/div><\/section><\/div>\n<div class=\"flex_column av_three_fifth  flex_column_div av-zero-column-padding first  \" style='border-radius:0px; '><section class=\"av_textblock_section \"  itemscope=\"itemscope\" itemtype=\"https:\/\/schema.org\/CreativeWork\" ><div class='avia_textblock  '   itemprop=\"text\" ><p>The costume on the left is:<\/p>\n<p><b>a black evening gown with lace over-blouse<\/b><\/p>\n<p>as worn by <b>Maria Schrader<\/b> in her role as <b>Felice Schragenheim<\/b>.<b> <\/b><\/p>\n<p>This floor-length, figure-hugging gown of softly draped silky velvet has thin straps and a plunging V-shaped neckline. The skirt falls in regular pleats. On the back, in the center, is a godet \u2013 a wedge-shaped extra piece of fabric that causes the skirt to flare and adds volume. A sheer long-sleeved waist-length blouse made from fine black Chantilly silk lace is worn over the bodice. The wearer\u2019s light skin shows plainly through the lace, drawing attention to the chest and arms. The blouse is open at the back and ties at the neck.<\/p>\n<\/div><\/section><\/div>\n<div class=\"flex_column av_two_fifth  flex_column_div av-zero-column-padding   \" style='border-radius:0px; '><div class='avia-image-container avia_animated_image avia_animate_when_almost_visible pop-up av-styling-    avia-align-center '  itemprop=\"ImageObject\" itemscope=\"itemscope\" itemtype=\"https:\/\/schema.org\/ImageObject\"  ><div class='avia-image-container-inner'><div class='avia-image-overlay-wrap'><img class='avia_image ' src='https:\/\/hautnah.dff.film\/medien\/2020\/04\/bb_aimee-und-jaguar_Werkfoto-schwarzes-Kleid-schrader-1.jpg' alt='Aim\u00e9e &amp; Jaguar: Schwarzes Abendkleid' title='bb_aimee und jaguar_Werkfoto-schwarzes-Kleid-schrader' height=\"1815\"width=\"1280\"  itemprop=\"thumbnailUrl\"  \/><\/div><\/div><\/div><\/div>\n<div  class='hr hr-default  '><span class='hr-inner ' ><span class='hr-inner-style'><\/span><\/span><\/div>\n<div class=\"flex_column av_three_fifth  flex_column_div av-zero-column-padding first  \" style='border-radius:0px; '><section class=\"av_textblock_section \"  itemscope=\"itemscope\" itemtype=\"https:\/\/schema.org\/CreativeWork\" ><div class='avia_textblock  '   itemprop=\"text\" ><p>The costume on the right is:<\/p>\n<p><b>a tweed pant suit<\/b><\/p>\n<p>as worn by <b>Juliane K\u00f6hler<\/b> in her role as <b>Lilly Wust<\/b>.<\/p>\n<p>The suit jacket and pants are made of English tweed. This fine woolen fabric has a classic salt-and-pepper pattern \u2013 irregularly woven dark and light threads. The slightly tapered jacket is hip length and has tube sleeves. The jacket is fastened with a button underneath the long, wide lapel collar. The join between the collar and lapel is marked with a prominent seam and a triangular notch. On the front of the jacket, above the hem, are two patch pockets, one on the right and one on the left. There is another on the left breast. A wave-like pattern along the hand-sewn front edge of the jacket adds a sophisticated element. The pleated pants are wide-legged with cuffs. This lady\u2019s suit is teamed with a cream-colored blouse and brown bowtie.<\/p>\n<\/div><\/section><\/div>\n<div class=\"flex_column av_two_fifth  flex_column_div av-zero-column-padding   \" style='border-radius:0px; '><div class='avia-image-container avia_animated_image avia_animate_when_almost_visible pop-up av-styling-    avia-align-center '  itemprop=\"ImageObject\" itemscope=\"itemscope\" itemtype=\"https:\/\/schema.org\/ImageObject\"  ><div class='avia-image-container-inner'><div class='avia-image-overlay-wrap'><img class='avia_image ' src='https:\/\/hautnah.dff.film\/medien\/2020\/04\/BAUM_Barbara__Aimee__Jaguar__Anprobe_Juliane_K\u00f6hler_006_small-1.jpg' alt='Aim\u00e9e &amp; Jaguar: Tweedanzug f\u00fcr Lilly ' title='BAUM_Barbara__Aimee_&amp;_Jaguar__Anprobe_Juliane_K\u00f6hler_006_small' height=\"908\"width=\"640\"  itemprop=\"thumbnailUrl\"  \/><\/div><\/div><\/div><\/div>\n<div class=\"flex_column av_one_full  flex_column_div av-zero-column-padding first  \" style='border-radius:0px; '><\/div>\n<div class=\"flex_column av_one_half  flex_column_div av-zero-column-padding first  \" style='border-radius:0px; '><span class=\"av_font_icon avia_animate_when_visible  av-icon-style-border  av-no-color avia-icon-pos-left \" style=\"\"><a href='https:\/\/hautnah.dff.film\/qr-code-8-homo-faber\/'   class='av-icon-char' style='font-size:40px;line-height:40px;width:40px;' aria-hidden='true' data-av_icon='\ue888' data-av_iconfont='entypo-fontello' ><\/a><span class='av_icon_caption av-special-font'>Zur\u00fcck<\/span><\/span><\/div>\n<div class=\"flex_column av_one_half  flex_column_div av-zero-column-padding   \" style='border-radius:0px; '><span class=\"av_font_icon avia_animate_when_visible  av-icon-style-border  av-no-color avia-icon-pos-right \" style=\"\"><a href='https:\/\/hautnah.dff.film\/qr-code-10-katharina-die-grosse\/'   class='av-icon-char' style='font-size:40px;line-height:40px;width:40px;' aria-hidden='true' data-av_icon='\ue889' data-av_iconfont='entypo-fontello' ><\/a><span class='av_icon_caption av-special-font'>Zur n\u00e4chsten Station<\/span><\/span><\/div>\n","protected":false},"excerpt":{"rendered":"","protected":false},"author":5,"featured_media":0,"parent":0,"menu_order":0,"comment_status":"closed","ping_status":"closed","template":"","meta":{"footnotes":""},"class_list":["post-423","page","type-page","status-publish","hentry"],"yoast_head":"<!-- This site is optimized with the Yoast SEO plugin v26.8 - https:\/\/yoast.com\/product\/yoast-seo-wordpress\/ -->\n<title>Stage 7: Aim\u00e9e &amp; Jaguar - HAUTNAH. Die Filmkost\u00fcme von Barbara Baum<\/title>\n<meta name=\"robots\" content=\"index, follow, max-snippet:-1, max-image-preview:large, max-video-preview:-1\" \/>\n<link rel=\"canonical\" href=\"https:\/\/hautnah.dff.film\/en\/qr-code-9-aimee-jaguar\/\" \/>\n<meta property=\"og:locale\" content=\"en_US\" \/>\n<meta property=\"og:type\" content=\"article\" \/>\n<meta property=\"og:title\" content=\"Stage 7: Aim\u00e9e &amp; Jaguar - HAUTNAH. Die Filmkost\u00fcme von Barbara Baum\" \/>\n<meta property=\"og:url\" content=\"https:\/\/hautnah.dff.film\/en\/qr-code-9-aimee-jaguar\/\" \/>\n<meta property=\"og:site_name\" content=\"HAUTNAH. Die Filmkost\u00fcme von Barbara Baum\" \/>\n<meta property=\"article:modified_time\" content=\"2020-05-13T07:49:19+00:00\" \/>\n<meta name=\"twitter:card\" content=\"summary_large_image\" \/>\n<meta name=\"twitter:label1\" content=\"Est. reading time\" \/>\n\t<meta name=\"twitter:data1\" content=\"8 minutes\" \/>\n<script type=\"application\/ld+json\" class=\"yoast-schema-graph\">{\"@context\":\"https:\/\/schema.org\",\"@graph\":[{\"@type\":\"WebPage\",\"@id\":\"https:\/\/hautnah.dff.film\/en\/qr-code-9-aimee-jaguar\/\",\"url\":\"https:\/\/hautnah.dff.film\/en\/qr-code-9-aimee-jaguar\/\",\"name\":\"Stage 7: Aim\u00e9e & Jaguar - HAUTNAH. Die Filmkost\u00fcme von Barbara Baum\",\"isPartOf\":{\"@id\":\"https:\/\/hautnah.dff.film\/#website\"},\"datePublished\":\"2018-10-11T17:32:33+00:00\",\"dateModified\":\"2020-05-13T07:49:19+00:00\",\"breadcrumb\":{\"@id\":\"https:\/\/hautnah.dff.film\/en\/qr-code-9-aimee-jaguar\/#breadcrumb\"},\"inLanguage\":\"en-US\",\"potentialAction\":[{\"@type\":\"ReadAction\",\"target\":[\"https:\/\/hautnah.dff.film\/en\/qr-code-9-aimee-jaguar\/\"]}]},{\"@type\":\"BreadcrumbList\",\"@id\":\"https:\/\/hautnah.dff.film\/en\/qr-code-9-aimee-jaguar\/#breadcrumb\",\"itemListElement\":[{\"@type\":\"ListItem\",\"position\":1,\"name\":\"Startseite\",\"item\":\"https:\/\/hautnah.dff.film\/en\/close-up\/\"},{\"@type\":\"ListItem\",\"position\":2,\"name\":\"Stage 7: Aim\u00e9e &#038; Jaguar\"}]},{\"@type\":\"WebSite\",\"@id\":\"https:\/\/hautnah.dff.film\/#website\",\"url\":\"https:\/\/hautnah.dff.film\/\",\"name\":\"HAUTNAH. Die Filmkost\u00fcme von Barbara Baum\",\"description\":\"Sonderausstellung zum Schaffen der Kost\u00fcmbildnerin\",\"publisher\":{\"@id\":\"https:\/\/hautnah.dff.film\/#organization\"},\"potentialAction\":[{\"@type\":\"SearchAction\",\"target\":{\"@type\":\"EntryPoint\",\"urlTemplate\":\"https:\/\/hautnah.dff.film\/?s={search_term_string}\"},\"query-input\":{\"@type\":\"PropertyValueSpecification\",\"valueRequired\":true,\"valueName\":\"search_term_string\"}}],\"inLanguage\":\"en-US\"},{\"@type\":\"Organization\",\"@id\":\"https:\/\/hautnah.dff.film\/#organization\",\"name\":\"HAUTNAH. Die Filmkost\u00fcme von Barbara Baum\",\"url\":\"https:\/\/hautnah.dff.film\/\",\"logo\":{\"@type\":\"ImageObject\",\"inLanguage\":\"en-US\",\"@id\":\"https:\/\/hautnah.dff.film\/#\/schema\/logo\/image\/\",\"url\":\"https:\/\/hautnah.dff.film\/medien\/2020\/04\/Logo-DFF-Box274px.png\",\"contentUrl\":\"https:\/\/hautnah.dff.film\/medien\/2020\/04\/Logo-DFF-Box274px.png\",\"width\":274,\"height\":269,\"caption\":\"HAUTNAH. Die Filmkost\u00fcme von Barbara Baum\"},\"image\":{\"@id\":\"https:\/\/hautnah.dff.film\/#\/schema\/logo\/image\/\"}}]}<\/script>\n<!-- \/ Yoast SEO plugin. -->","yoast_head_json":{"title":"Stage 7: Aim\u00e9e & Jaguar - HAUTNAH. Die Filmkost\u00fcme von Barbara Baum","robots":{"index":"index","follow":"follow","max-snippet":"max-snippet:-1","max-image-preview":"max-image-preview:large","max-video-preview":"max-video-preview:-1"},"canonical":"https:\/\/hautnah.dff.film\/en\/qr-code-9-aimee-jaguar\/","og_locale":"en_US","og_type":"article","og_title":"Stage 7: Aim\u00e9e & Jaguar - HAUTNAH. Die Filmkost\u00fcme von Barbara Baum","og_url":"https:\/\/hautnah.dff.film\/en\/qr-code-9-aimee-jaguar\/","og_site_name":"HAUTNAH. Die Filmkost\u00fcme von Barbara Baum","article_modified_time":"2020-05-13T07:49:19+00:00","twitter_card":"summary_large_image","twitter_misc":{"Est. reading time":"8 minutes"},"schema":{"@context":"https:\/\/schema.org","@graph":[{"@type":"WebPage","@id":"https:\/\/hautnah.dff.film\/en\/qr-code-9-aimee-jaguar\/","url":"https:\/\/hautnah.dff.film\/en\/qr-code-9-aimee-jaguar\/","name":"Stage 7: Aim\u00e9e & Jaguar - HAUTNAH. Die Filmkost\u00fcme von Barbara Baum","isPartOf":{"@id":"https:\/\/hautnah.dff.film\/#website"},"datePublished":"2018-10-11T17:32:33+00:00","dateModified":"2020-05-13T07:49:19+00:00","breadcrumb":{"@id":"https:\/\/hautnah.dff.film\/en\/qr-code-9-aimee-jaguar\/#breadcrumb"},"inLanguage":"en-US","potentialAction":[{"@type":"ReadAction","target":["https:\/\/hautnah.dff.film\/en\/qr-code-9-aimee-jaguar\/"]}]},{"@type":"BreadcrumbList","@id":"https:\/\/hautnah.dff.film\/en\/qr-code-9-aimee-jaguar\/#breadcrumb","itemListElement":[{"@type":"ListItem","position":1,"name":"Startseite","item":"https:\/\/hautnah.dff.film\/en\/close-up\/"},{"@type":"ListItem","position":2,"name":"Stage 7: Aim\u00e9e &#038; Jaguar"}]},{"@type":"WebSite","@id":"https:\/\/hautnah.dff.film\/#website","url":"https:\/\/hautnah.dff.film\/","name":"HAUTNAH. Die Filmkost\u00fcme von Barbara Baum","description":"Sonderausstellung zum Schaffen der Kost\u00fcmbildnerin","publisher":{"@id":"https:\/\/hautnah.dff.film\/#organization"},"potentialAction":[{"@type":"SearchAction","target":{"@type":"EntryPoint","urlTemplate":"https:\/\/hautnah.dff.film\/?s={search_term_string}"},"query-input":{"@type":"PropertyValueSpecification","valueRequired":true,"valueName":"search_term_string"}}],"inLanguage":"en-US"},{"@type":"Organization","@id":"https:\/\/hautnah.dff.film\/#organization","name":"HAUTNAH. Die Filmkost\u00fcme von Barbara Baum","url":"https:\/\/hautnah.dff.film\/","logo":{"@type":"ImageObject","inLanguage":"en-US","@id":"https:\/\/hautnah.dff.film\/#\/schema\/logo\/image\/","url":"https:\/\/hautnah.dff.film\/medien\/2020\/04\/Logo-DFF-Box274px.png","contentUrl":"https:\/\/hautnah.dff.film\/medien\/2020\/04\/Logo-DFF-Box274px.png","width":274,"height":269,"caption":"HAUTNAH. Die Filmkost\u00fcme von Barbara Baum"},"image":{"@id":"https:\/\/hautnah.dff.film\/#\/schema\/logo\/image\/"}}]}},"_links":{"self":[{"href":"https:\/\/hautnah.dff.film\/en\/wp-json\/wp\/v2\/pages\/423","targetHints":{"allow":["GET"]}}],"collection":[{"href":"https:\/\/hautnah.dff.film\/en\/wp-json\/wp\/v2\/pages"}],"about":[{"href":"https:\/\/hautnah.dff.film\/en\/wp-json\/wp\/v2\/types\/page"}],"author":[{"embeddable":true,"href":"https:\/\/hautnah.dff.film\/en\/wp-json\/wp\/v2\/users\/5"}],"replies":[{"embeddable":true,"href":"https:\/\/hautnah.dff.film\/en\/wp-json\/wp\/v2\/comments?post=423"}],"version-history":[{"count":9,"href":"https:\/\/hautnah.dff.film\/en\/wp-json\/wp\/v2\/pages\/423\/revisions"}],"predecessor-version":[{"id":487,"href":"https:\/\/hautnah.dff.film\/en\/wp-json\/wp\/v2\/pages\/423\/revisions\/487"}],"wp:attachment":[{"href":"https:\/\/hautnah.dff.film\/en\/wp-json\/wp\/v2\/media?parent=423"}],"curies":[{"name":"wp","href":"https:\/\/api.w.org\/{rel}","templated":true}]}}