{"id":728,"date":"2018-10-18T13:05:59","date_gmt":"2018-10-18T11:05:59","guid":{"rendered":"http:\/\/hautnah.deutsches-filmmuseum.de\/?page_id=728"},"modified":"2019-06-26T16:55:38","modified_gmt":"2019-06-26T14:55:38","slug":"legal-disclosure-terms-of-use","status":"publish","type":"page","link":"https:\/\/hautnah.dff.film\/en\/legal-disclosure-terms-of-use\/","title":{"rendered":"Legal Disclosure \/ Terms of Use"},"content":{"rendered":"<h1>Legal Disclosure<\/h1>\n<p><strong>Information in accordance with section 5 TMG<\/strong><\/p>\n<p>DFF \u2013 Deutsches Filminstitut &amp; Filmmuseum e.V.<br \/>\nSchaumainkai 41<br \/>\nD-60596 Frankfurt am Main<\/p>\n<p><strong>Represented by<\/strong><br \/>\nEllen M. Harrington, Dr. Nikolaus Hensel<\/p>\n<p><strong>Contact<\/strong><br \/>\nTel.: +49-69-961 220 0<br \/>\nFax: +49-69-961 220 999<br \/>\ninfo(at)deutsches-filminstitut.de<\/p>\n<p><strong>Register entry<\/strong><br \/>\nAmtsgericht Frankfurt<br \/>\nHeiligkreuzgasse 34<br \/>\n60313 Frankfurt am Main<\/p>\n<p>Register Number: VR 7975<br \/>\nVAT-Number: DE 113891109<\/p>\n<p><strong>Person responsible for content in accordance with 55 Abs. 2 RStV<\/strong><br \/>\nEllen M. Harrington<br \/>\nDFF \u2013 Deutsches Filminstitut &amp; Filmmuseum e.V.<br \/>\nSchaumainkai 41<br \/>\n60596 Frankfurt am Main<\/p>\n<div class=\"su-divider su-divider-style-default\" style=\"margin:30px 0;border-width:1px;border-color:#999999\"><\/div>\n<p><strong>Project manager, curator<\/strong> Hans-Peter Reichmann<\/p>\n<p><strong>Project coordination, curator<\/strong> Isabelle Louise Bastian<\/p>\n<p><strong>Assistants <\/strong>Judith Fr\u00f6hlich, Paula G\u00fcnther, Louise Lindlar, Anja Neubauer, Hannah Pfeiffer, Lisa Siegle.<br \/>\n<em>With support from<\/em> Johanna Honkomp, Pei Li, Adriane Meusch und Isabella M\u00fcller.<\/p>\n<p><strong>Exhibition design<\/strong> blaugrau raum (Tonia B\u00fcrkle)<\/p>\n<p><strong>Exhibition graphics, advertising design<\/strong> mind the gap! design (Karl-Heinz Best)<\/p>\n<p><strong>Media curator <\/strong>Michael Kinzer<\/p>\n<p><strong>Interviews Barbara Baum<\/strong> Christiane Habich, Isabelle Louise Bastian (editors), Erik Krambeck (camera and sound), Michael Kinzer (editing)<\/p>\n<p><strong>Costume preparation and staging<\/strong> Christa Hedderich<\/p>\n<p><strong>Assistants costume preparation<\/strong> Jutta Eckerlin (Berlin), Sabine Palm (Frankfurt am Main)<\/p>\n<p><strong>Costume consultants<\/strong> Barbara Baum, Christa Hedderich<\/p>\n<p><strong>Conservation consultant (paper)<\/strong> Kathrin S\u00fcndermann<\/p>\n<p><strong>Tactile graphics <\/strong>Tactile Studio, Paris und Berlin<\/p>\n<p><strong>Audiodescription<\/strong> Audioskript (Alexander Fichert), Berlin<\/p>\n<p><strong>Inclusion consultants <\/strong>Susanne Reith, Matthias Sch\u00e4fer (Blinden- und Sehbehindertenbund in Hessen)<\/p>\n<p><strong>Exhibition construction <\/strong>artevilla (Adriano Renzullo), Offenbach<\/p>\n<p><strong>Metal construction <\/strong>Martin Steinmetz Ingenieurb\u00fcro &amp; Metallverarbeitung, Oberursel (Taunus)<\/p>\n<p><strong>Painting works <\/strong>Ronald Winning, B\u00fcdingen<\/p>\n<p><strong>Graphic production <\/strong>The Design by Patrick Banasik, Types on Foil, Color Connection, brailletec<\/p>\n<p><strong>Translations <\/strong>Rebecca van Dyck<\/p>\n<p><strong>Lighting design <\/strong>Stephan Zimmermann Lightsolutions, Oberursel (Taunus)<\/p>\n<p><strong>Technical consultant <\/strong>satis&amp;fy (Markus Berger), Karben<\/p>\n<p><strong>Videoanimation <\/strong>Siegfried Barth &amp; Oliver Weiss<\/p>\n<p><strong>Accounting, Controlling<\/strong> Aiss\u00e9 de Bonneval (department head), Maria K\u00e4ppele, Petra Sch\u00e4fer<\/p>\n<p><strong>Public relations <\/strong>Frauke Ha\u00df (department head), Marie Br\u00fcggemann, Jonas Ebling, Jenni Ellwanger<\/p>\n<p><strong>Website<\/strong> J\u00fcrgen Kindlmann<\/p>\n<p><strong>IT<\/strong> Peter Bergmann (department head), Christian He\u00df<\/p>\n<p><strong>Film literacy and education<\/strong> Christine Kopf (department head)<\/p>\n<p><strong>Museum education <\/strong>Daniela Dietrich (department head)<\/p>\n<p><strong>Technical services <\/strong>Ismail Merzak<\/p>\n<div class=\"su-divider su-divider-style-default\" style=\"margin:30px 0;border-width:1px;border-color:#999999\"><\/div>\n<p><strong>Disclaimer<\/strong><\/p>\n<p><strong>Accountability for content<\/strong><br \/>\nThe contents of our pages have been created with the utmost care. However, we cannot guarantee the contents\u2018 accuracy, completeness or topicality. According to statutory provisions, we are furthermore responsible for our own content on these web pages. In this context, please note that we are accordingly not obliged to monitor merely the transmitted or saved information of third parties, or investigate circumstances pointing to illegal activity. Our obligations to remove or block the use of information under generally applicable laws remain unaffected by this as per \u00a7\u00a7 8 to 10 of the Telemedia Act (TMG).<\/p>\n<p><strong>Accountability for links<\/strong><br \/>\nResponsibility for the content of external links (to web pages of third parties) lies solely with the operators of the linked pages. No violations were evident to us at the time of linking. Should any legal infringement become known to us, we will remove the respective link immediately.<\/p>\n<p><strong>Copyright<\/strong><br \/>\nOur web pages and their contents are subject to German copyright law. Unless expressly permitted by law (\u00a7 44a et seq. of the copyright law), every form of utilizing, reproducing or processing works subject to copyright protection on our web pages requires the prior consent of the respective owner of the rights. Individual reproductions of a work are allowed only for private use, so must not serve either directly or indirectly for earnings. Unauthorized utilization of copyrighted works is punishable (\u00a7 106 of the copyright law).<\/p>\n<p>www.Kanzlei-CH.de<\/p>\n<h1>Terms of Use<\/h1>\n<div id=\"node-76\">\n<div>\n<div>\n<div>\n<p><strong>Intellectual Property Rights<\/strong><br \/>\nUnless stated otherwise, the Website \u201eDeutsches Filminstitut\u201c itself and the content searchable and accessible through this Website are protected by Intellectual Property Rights. Only non-commercial and personal use of the Website and the content is permitted. Videos are intended for real-time viewing and not intended to be downloaded (either permanently or temporarily), copied, stored, or redistributed by the user. All other rights being reserved, the total or partial reproduction of the Website is forbidden.<\/p>\n<p><strong>Liability Disclaimer<\/strong><br \/>\nExcept to the extent required by applicable law, Deutsches Filminstitut will not be liable for any special, incidental or consequential damages whatsoever (including but not limited to, damages for loss of profits or confidential or other information, for business interruption, for loss of privacy arising out of or in any way related to the use of or inability to use the Services), even if Deutsches Filminstitut has been advised of the possibility of such damages and even if the remedy fails of its essential purpose. Similarly, Deutsches Filminstitut will not be liable for any infringement of privacy, publicity or other rights and any use by third parties that goes beyond the rights expressed in these Terms of Use;<\/p>\n<p>This website provides access to partner websites via hypertext links. These other sites and parties are not under our control, and you acknowledge that we are not responsible for the accuracy, copyright compliance, legality, decency, or any other aspect of the content of such sites, nor are we responsible for errors or omissions in any references to other parties or their products and services. The inclusion of such a link or reference is provided merely as a convenience and does not imply endorsement of, or association with, the site or party by us, or any warranty of any kind, either expressed or implied.<\/p>\n<p><strong>Applicable law<\/strong><br \/>\nThe Terms of Use and the use of the Deutsches Filminstitut Website are governed by and construed in accordance with the laws of Germany.<\/p>\n<p><strong>General clause<\/strong><br \/>\nThese Terms of Use are effective as of 03-08-2011. We expressly reserve the right to change these Terms of Use from time to time without notice to you. You acknowledge and agree that it is your responsibility to review this site and these Terms of Use from time to time and to familiarize yourself with any modifications.<\/p>\n<\/div>\n<\/div>\n<\/div>\n<\/div>\n","protected":false},"excerpt":{"rendered":"<p>Legal Disclosure Information in accordance with section 5 TMG DFF \u2013 Deutsches Filminstitut &amp; Filmmuseum e.V. Schaumainkai 41 D-60596 Frankfurt am Main Represented by Ellen M. Harrington, Dr. Nikolaus Hensel Contact Tel.: +49-69-961 220 0 Fax: +49-69-961 220 999 info(at)deutsches-filminstitut.de Register entry Amtsgericht Frankfurt Heiligkreuzgasse 34 60313 Frankfurt am Main Register Number: VR 7975 VAT-Number: [&hellip;]<\/p>\n","protected":false},"author":5,"featured_media":0,"parent":0,"menu_order":210,"comment_status":"closed","ping_status":"closed","template":"","meta":{"footnotes":""},"class_list":["post-728","page","type-page","status-publish","hentry"],"yoast_head":"<!-- This site is optimized with the Yoast SEO plugin v26.8 - https:\/\/yoast.com\/product\/yoast-seo-wordpress\/ -->\n<title>Legal Disclosure \/ Terms of Use - HAUTNAH. Die Filmkost\u00fcme von Barbara Baum<\/title>\n<meta name=\"robots\" content=\"index, follow, max-snippet:-1, max-image-preview:large, max-video-preview:-1\" \/>\n<link rel=\"canonical\" href=\"https:\/\/hautnah.dff.film\/en\/legal-disclosure-terms-of-use\/\" \/>\n<meta property=\"og:locale\" content=\"en_US\" \/>\n<meta property=\"og:type\" content=\"article\" \/>\n<meta property=\"og:title\" content=\"Legal Disclosure \/ Terms of Use - HAUTNAH. Die Filmkost\u00fcme von Barbara Baum\" \/>\n<meta property=\"og:description\" content=\"Legal Disclosure Information in accordance with section 5 TMG DFF \u2013 Deutsches Filminstitut &amp; Filmmuseum e.V. Schaumainkai 41 D-60596 Frankfurt am Main Represented by Ellen M. Harrington, Dr. Nikolaus Hensel Contact Tel.: +49-69-961 220 0 Fax: +49-69-961 220 999 info(at)deutsches-filminstitut.de Register entry Amtsgericht Frankfurt Heiligkreuzgasse 34 60313 Frankfurt am Main Register Number: VR 7975 VAT-Number: [&hellip;]\" \/>\n<meta property=\"og:url\" content=\"https:\/\/hautnah.dff.film\/en\/legal-disclosure-terms-of-use\/\" \/>\n<meta property=\"og:site_name\" content=\"HAUTNAH. Die Filmkost\u00fcme von Barbara Baum\" \/>\n<meta property=\"article:modified_time\" content=\"2019-06-26T14:55:38+00:00\" \/>\n<meta name=\"twitter:card\" content=\"summary_large_image\" \/>\n<meta name=\"twitter:label1\" content=\"Est. reading time\" \/>\n\t<meta name=\"twitter:data1\" content=\"5 minutes\" \/>\n<script type=\"application\/ld+json\" class=\"yoast-schema-graph\">{\"@context\":\"https:\/\/schema.org\",\"@graph\":[{\"@type\":\"WebPage\",\"@id\":\"https:\/\/hautnah.dff.film\/en\/legal-disclosure-terms-of-use\/\",\"url\":\"https:\/\/hautnah.dff.film\/en\/legal-disclosure-terms-of-use\/\",\"name\":\"Legal Disclosure \/ Terms of Use - HAUTNAH. Die Filmkost\u00fcme von Barbara Baum\",\"isPartOf\":{\"@id\":\"https:\/\/hautnah.dff.film\/#website\"},\"datePublished\":\"2018-10-18T11:05:59+00:00\",\"dateModified\":\"2019-06-26T14:55:38+00:00\",\"breadcrumb\":{\"@id\":\"https:\/\/hautnah.dff.film\/en\/legal-disclosure-terms-of-use\/#breadcrumb\"},\"inLanguage\":\"en-US\",\"potentialAction\":[{\"@type\":\"ReadAction\",\"target\":[\"https:\/\/hautnah.dff.film\/en\/legal-disclosure-terms-of-use\/\"]}]},{\"@type\":\"BreadcrumbList\",\"@id\":\"https:\/\/hautnah.dff.film\/en\/legal-disclosure-terms-of-use\/#breadcrumb\",\"itemListElement\":[{\"@type\":\"ListItem\",\"position\":1,\"name\":\"Startseite\",\"item\":\"https:\/\/hautnah.dff.film\/en\/close-up\/\"},{\"@type\":\"ListItem\",\"position\":2,\"name\":\"Legal Disclosure \/ Terms of Use\"}]},{\"@type\":\"WebSite\",\"@id\":\"https:\/\/hautnah.dff.film\/#website\",\"url\":\"https:\/\/hautnah.dff.film\/\",\"name\":\"HAUTNAH. Die Filmkost\u00fcme von Barbara Baum\",\"description\":\"Sonderausstellung zum Schaffen der Kost\u00fcmbildnerin\",\"publisher\":{\"@id\":\"https:\/\/hautnah.dff.film\/#organization\"},\"potentialAction\":[{\"@type\":\"SearchAction\",\"target\":{\"@type\":\"EntryPoint\",\"urlTemplate\":\"https:\/\/hautnah.dff.film\/?s={search_term_string}\"},\"query-input\":{\"@type\":\"PropertyValueSpecification\",\"valueRequired\":true,\"valueName\":\"search_term_string\"}}],\"inLanguage\":\"en-US\"},{\"@type\":\"Organization\",\"@id\":\"https:\/\/hautnah.dff.film\/#organization\",\"name\":\"HAUTNAH. Die Filmkost\u00fcme von Barbara Baum\",\"url\":\"https:\/\/hautnah.dff.film\/\",\"logo\":{\"@type\":\"ImageObject\",\"inLanguage\":\"en-US\",\"@id\":\"https:\/\/hautnah.dff.film\/#\/schema\/logo\/image\/\",\"url\":\"https:\/\/hautnah.dff.film\/medien\/2020\/04\/Logo-DFF-Box274px.png\",\"contentUrl\":\"https:\/\/hautnah.dff.film\/medien\/2020\/04\/Logo-DFF-Box274px.png\",\"width\":274,\"height\":269,\"caption\":\"HAUTNAH. Die Filmkost\u00fcme von Barbara Baum\"},\"image\":{\"@id\":\"https:\/\/hautnah.dff.film\/#\/schema\/logo\/image\/\"}}]}<\/script>\n<!-- \/ Yoast SEO plugin. -->","yoast_head_json":{"title":"Legal Disclosure \/ Terms of Use - HAUTNAH. Die Filmkost\u00fcme von Barbara Baum","robots":{"index":"index","follow":"follow","max-snippet":"max-snippet:-1","max-image-preview":"max-image-preview:large","max-video-preview":"max-video-preview:-1"},"canonical":"https:\/\/hautnah.dff.film\/en\/legal-disclosure-terms-of-use\/","og_locale":"en_US","og_type":"article","og_title":"Legal Disclosure \/ Terms of Use - HAUTNAH. Die Filmkost\u00fcme von Barbara Baum","og_description":"Legal Disclosure Information in accordance with section 5 TMG DFF \u2013 Deutsches Filminstitut &amp; Filmmuseum e.V. Schaumainkai 41 D-60596 Frankfurt am Main Represented by Ellen M. Harrington, Dr. Nikolaus Hensel Contact Tel.: +49-69-961 220 0 Fax: +49-69-961 220 999 info(at)deutsches-filminstitut.de Register entry Amtsgericht Frankfurt Heiligkreuzgasse 34 60313 Frankfurt am Main Register Number: VR 7975 VAT-Number: [&hellip;]","og_url":"https:\/\/hautnah.dff.film\/en\/legal-disclosure-terms-of-use\/","og_site_name":"HAUTNAH. Die Filmkost\u00fcme von Barbara Baum","article_modified_time":"2019-06-26T14:55:38+00:00","twitter_card":"summary_large_image","twitter_misc":{"Est. reading time":"5 minutes"},"schema":{"@context":"https:\/\/schema.org","@graph":[{"@type":"WebPage","@id":"https:\/\/hautnah.dff.film\/en\/legal-disclosure-terms-of-use\/","url":"https:\/\/hautnah.dff.film\/en\/legal-disclosure-terms-of-use\/","name":"Legal Disclosure \/ Terms of Use - HAUTNAH. Die Filmkost\u00fcme von Barbara Baum","isPartOf":{"@id":"https:\/\/hautnah.dff.film\/#website"},"datePublished":"2018-10-18T11:05:59+00:00","dateModified":"2019-06-26T14:55:38+00:00","breadcrumb":{"@id":"https:\/\/hautnah.dff.film\/en\/legal-disclosure-terms-of-use\/#breadcrumb"},"inLanguage":"en-US","potentialAction":[{"@type":"ReadAction","target":["https:\/\/hautnah.dff.film\/en\/legal-disclosure-terms-of-use\/"]}]},{"@type":"BreadcrumbList","@id":"https:\/\/hautnah.dff.film\/en\/legal-disclosure-terms-of-use\/#breadcrumb","itemListElement":[{"@type":"ListItem","position":1,"name":"Startseite","item":"https:\/\/hautnah.dff.film\/en\/close-up\/"},{"@type":"ListItem","position":2,"name":"Legal Disclosure \/ Terms of Use"}]},{"@type":"WebSite","@id":"https:\/\/hautnah.dff.film\/#website","url":"https:\/\/hautnah.dff.film\/","name":"HAUTNAH. Die Filmkost\u00fcme von Barbara Baum","description":"Sonderausstellung zum Schaffen der Kost\u00fcmbildnerin","publisher":{"@id":"https:\/\/hautnah.dff.film\/#organization"},"potentialAction":[{"@type":"SearchAction","target":{"@type":"EntryPoint","urlTemplate":"https:\/\/hautnah.dff.film\/?s={search_term_string}"},"query-input":{"@type":"PropertyValueSpecification","valueRequired":true,"valueName":"search_term_string"}}],"inLanguage":"en-US"},{"@type":"Organization","@id":"https:\/\/hautnah.dff.film\/#organization","name":"HAUTNAH. Die Filmkost\u00fcme von Barbara Baum","url":"https:\/\/hautnah.dff.film\/","logo":{"@type":"ImageObject","inLanguage":"en-US","@id":"https:\/\/hautnah.dff.film\/#\/schema\/logo\/image\/","url":"https:\/\/hautnah.dff.film\/medien\/2020\/04\/Logo-DFF-Box274px.png","contentUrl":"https:\/\/hautnah.dff.film\/medien\/2020\/04\/Logo-DFF-Box274px.png","width":274,"height":269,"caption":"HAUTNAH. Die Filmkost\u00fcme von Barbara Baum"},"image":{"@id":"https:\/\/hautnah.dff.film\/#\/schema\/logo\/image\/"}}]}},"_links":{"self":[{"href":"https:\/\/hautnah.dff.film\/en\/wp-json\/wp\/v2\/pages\/728","targetHints":{"allow":["GET"]}}],"collection":[{"href":"https:\/\/hautnah.dff.film\/en\/wp-json\/wp\/v2\/pages"}],"about":[{"href":"https:\/\/hautnah.dff.film\/en\/wp-json\/wp\/v2\/types\/page"}],"author":[{"embeddable":true,"href":"https:\/\/hautnah.dff.film\/en\/wp-json\/wp\/v2\/users\/5"}],"replies":[{"embeddable":true,"href":"https:\/\/hautnah.dff.film\/en\/wp-json\/wp\/v2\/comments?post=728"}],"version-history":[{"count":5,"href":"https:\/\/hautnah.dff.film\/en\/wp-json\/wp\/v2\/pages\/728\/revisions"}],"predecessor-version":[{"id":1020,"href":"https:\/\/hautnah.dff.film\/en\/wp-json\/wp\/v2\/pages\/728\/revisions\/1020"}],"wp:attachment":[{"href":"https:\/\/hautnah.dff.film\/en\/wp-json\/wp\/v2\/media?parent=728"}],"curies":[{"name":"wp","href":"https:\/\/api.w.org\/{rel}","templated":true}]}}